{"id":709,"date":"2022-06-21T20:29:15","date_gmt":"2022-06-21T20:29:15","guid":{"rendered":"https:\/\/lesya-demo.bslthemes.com\/?page_id=709"},"modified":"2026-02-16T11:32:09","modified_gmt":"2026-02-16T10:32:09","slug":"rendez-vous","status":"publish","type":"page","link":"https:\/\/blackandwhitebarbier.ca\/index.php\/rendez-vous\/","title":{"rendered":"Rendez-vous"},"content":{"rendered":"\t\t<div data-elementor-type=\"wp-page\" data-elementor-id=\"709\" class=\"elementor elementor-709\">\n\t\t\t\t\t\t<section class=\"elementor-section elementor-top-section elementor-element elementor-element-7aa2398 elementor-section-full_width elementor-section-height-default elementor-section-height-default\" data-id=\"7aa2398\" data-element_type=\"section\" data-e-type=\"section\">\n\t\t\t\t\t\t<div class=\"elementor-container elementor-column-gap-no\">\n\t\t\t\t\t<div class=\"elementor-column elementor-col-100 elementor-top-column elementor-element elementor-element-361de5f\" data-id=\"361de5f\" data-element_type=\"column\" data-e-type=\"column\">\n\t\t\t<div class=\"elementor-widget-wrap elementor-element-populated\">\n\t\t\t\t\t\t<div class=\"elementor-element elementor-element-0434cba elementor-widget elementor-widget-lesya-intro-section\" data-id=\"0434cba\" data-element_type=\"widget\" data-e-type=\"widget\" data-widget_type=\"lesya-intro-section.default\">\n\t\t\t\t<div class=\"elementor-widget-container\">\n\t\t\t\t\t\n      <!-- Page Banner Start -->\n      <section class=\"page-banner text-white py-165 rpy-130\" style=\"background-image: url(https:\/\/blackandwhitebarbier.ca\/wp-content\/uploads\/2026\/02\/Design-sans-titre-22.png);\">\n      \t<div class=\"container\">\n      \t\t<div class=\"banner-inner\">\n                        <span class=\"bg-text\">\n              <span >r\u00e9servation<\/span>\n            <\/span>\n                                    <h1 class=\"page-title wow fadeInUp delay-0-2s\">\n              <span >Prendre rendez-vous<\/span>\n            <\/h1>\n                        <ol class=\"breadcrumb wow fadeInUp delay-0-4s\"><li class=\"breadcrumb-item\"><a href=\"https:\/\/blackandwhitebarbier.ca\/\" title=\"blackandwhitebarbier.ca\">Home<\/a><\/li><li class=\"breadcrumb-item\"><span><\/span><\/li><\/ol>      \t\t<\/div>\n      \t<\/div>\n      <\/section>\n      <!-- Page Banner End -->\n\n      \t\t\t\t<\/div>\n\t\t\t\t<\/div>\n\t\t\t\t\t<\/div>\n\t\t<\/div>\n\t\t\t\t\t<\/div>\n\t\t<\/section>\n\t\t\t\t<section class=\"elementor-section elementor-top-section elementor-element elementor-element-b5f9c1b elementor-section-full_width elementor-section-height-default elementor-section-height-default\" data-id=\"b5f9c1b\" data-element_type=\"section\" data-e-type=\"section\">\n\t\t\t\t\t\t<div class=\"elementor-container elementor-column-gap-no\">\n\t\t\t\t\t<div class=\"elementor-column elementor-col-100 elementor-top-column elementor-element elementor-element-5b77634\" data-id=\"5b77634\" data-element_type=\"column\" data-e-type=\"column\">\n\t\t\t<div class=\"elementor-widget-wrap elementor-element-populated\">\n\t\t\t\t\t\t<div class=\"elementor-element elementor-element-8634b4d elementor-widget elementor-widget-lesya-features-two\" data-id=\"8634b4d\" data-element_type=\"widget\" data-e-type=\"widget\" data-widget_type=\"lesya-features-two.default\">\n\t\t\t\t<div class=\"elementor-widget-container\">\n\t\t\t\t\t\n    <!-- Offer Section Start -->\n    <section class=\"offer-section text-center rel z-1 pt-140 rpt-90\">\n      <div class=\"container\">\n\n                <div class=\"row justify-content-center\">\n          <div class=\"col-xl-8 col-lg-9 col-md-10\">\n            <div class=\"section-title mb-65\">\n                            <span class=\"bg-text\">\n                <span >\n                  Offre                <\/span>\n              <\/span>\n                                          <span class=\"sub-title\">\n                <span >\n                  Ce que nous proposons                <\/span>\n              <\/span>\n                                          <h2>\n                <span >\n                  Salon de Coiffure de qualit\u00e9 et naturel                <\/span>\n              <\/h2>\n                          <\/div>\n          <\/div>\n        <\/div>\n        \n                <div class=\"row justify-content-center\">\n                    <div class=\"col-xl-2 col-lg-3 col-sm-4 col-6 col-small\">\n            <a class=\"offer-item wow fadeInUp delay-0-2s\"  href=\"https:\/\/blackandwhitebarbier.ca\/index.php\/services\/item\/coupes-cheveux\/\">\n                              <i class=\"flaticon-cut\"><\/i>\n                                          <h5>\n                <span >\n                  Coupes Cheveux                <\/span>\n              <\/h5>\n                          <\/a>\n          <\/div>\n                    <div class=\"col-xl-2 col-lg-3 col-sm-4 col-6 col-small\">\n            <a class=\"offer-item wow fadeInUp delay-0-4s\"  href=\"https:\/\/blackandwhitebarbier.ca\/index.php\/services\/item\/dreadlocks-locks\/\">\n                              <i class=\"flaticon-hair\"><\/i>\n                                          <h5>\n                <span >\n                  Dreadlocks &amp; Locks                <\/span>\n              <\/h5>\n                          <\/a>\n          <\/div>\n                    <div class=\"col-xl-2 col-lg-3 col-sm-4 col-6 col-small\">\n            <a class=\"offer-item wow fadeInUp delay-0-6s\"  href=\"https:\/\/blackandwhitebarbier.ca\/index.php\/services\/item\/tresses-africaine\/\">\n                              <i class=\"flaticon-hairdresser\"><\/i>\n                                          <h5>\n                <span >\n                  Tresses Africaine                <\/span>\n              <\/h5>\n                          <\/a>\n          <\/div>\n                    <div class=\"col-xl-2 col-lg-3 col-sm-4 col-6 col-small\">\n            <a class=\"offer-item wow fadeInUp delay-0-8s\"  href=\"https:\/\/blackandwhitebarbier.ca\/wp-admin\/admin.php?page=wpcf7\">\n                              <i class=\"flaticon-hair-iron\"><\/i>\n                                          <h5>\n                <span >\n                  Extensions &amp; Tissages                <\/span>\n              <\/h5>\n                          <\/a>\n          <\/div>\n                    <div class=\"col-xl-2 col-lg-3 col-sm-4 col-6 col-small\">\n            <a class=\"offer-item wow fadeInUp delay-0-10s\"  href=\"https:\/\/blackandwhitebarbier.ca\/index.php\/services\/item\/coiffage-mise-en-forme\/\">\n                              <i class=\"flaticon-make-up\"><\/i>\n                                          <h5>\n                <span >\n                  Coiffage &amp; Mise en forme                <\/span>\n              <\/h5>\n                          <\/a>\n          <\/div>\n                    <div class=\"col-xl-2 col-lg-3 col-sm-4 col-6 col-small\">\n            <a class=\"offer-item wow fadeInUp delay-0-12s\"  href=\"https:\/\/blackandwhitebarbier.ca\/index.php\/services\/item\/coiffage-mise-en-forme\/\">\n                              <i class=\"flaticon-beauty-treatment\"><\/i>\n                                          <h5>\n                <span >\n                  Soins &amp; Traitements Capillaires                <\/span>\n              <\/h5>\n                          <\/a>\n          <\/div>\n                    <div class=\"col-xl-2 col-lg-3 col-sm-4 col-6 col-small\">\n            <a class=\"offer-item wow fadeInUp delay-0-14s\"  href=\"https:\/\/blackandwhitebarbier.ca\/index.php\/services\/item\/barbe-finition\/\">\n                              <i class=\"flaticon-beauty-treatment-1\"><\/i>\n                                          <h5>\n                <span >\n                  Barbe &amp; Finition                <\/span>\n              <\/h5>\n                          <\/a>\n          <\/div>\n                    <div class=\"col-xl-2 col-lg-3 col-sm-4 col-6 col-small\">\n            <a class=\"offer-item wow fadeInUp delay-0-16s\"  href=\"https:\/\/blackandwhitebarbier.ca\/index.php\/services\/item\/teinture-des-cheveux\/\">\n                              <i class=\"flaticon-cbd-oil\"><\/i>\n                                          <h5>\n                <span >\n                  Teinture des cheveux                <\/span>\n              <\/h5>\n                          <\/a>\n          <\/div>\n                  <\/div>\n        \n      <\/div>\n    <\/section>\n    <!-- Offer Section End -->\n\n    \t\t\t\t<\/div>\n\t\t\t\t<\/div>\n\t\t\t\t\t<\/div>\n\t\t<\/div>\n\t\t\t\t\t<\/div>\n\t\t<\/section>\n\t\t\t\t<section class=\"elementor-section elementor-top-section elementor-element elementor-element-5245bb2 elementor-section-full_width elementor-section-height-default elementor-section-height-default\" data-id=\"5245bb2\" data-element_type=\"section\" data-e-type=\"section\">\n\t\t\t\t\t\t<div class=\"elementor-container elementor-column-gap-no\">\n\t\t\t\t\t<div class=\"elementor-column elementor-col-100 elementor-top-column elementor-element elementor-element-061b70f\" data-id=\"061b70f\" data-element_type=\"column\" data-e-type=\"column\">\n\t\t\t<div class=\"elementor-widget-wrap elementor-element-populated\">\n\t\t\t\t\t\t<div class=\"elementor-element elementor-element-870cfbe elementor-widget elementor-widget-lesya-hours\" data-id=\"870cfbe\" data-element_type=\"widget\" data-e-type=\"widget\" data-widget_type=\"lesya-hours.default\">\n\t\t\t\t<div class=\"elementor-widget-container\">\n\t\t\t\t\t\n\t\t<!-- Booking Hours Section Start -->\n\t\t<section class=\"booking-hours-area bg-light-gray rel z-1\">\n\t\t\t  \t\t\t\t<div class=\"booking-hour-image\" style=\"background-image: url(https:\/\/blackandwhitebarbier.ca\/wp-content\/uploads\/2026\/02\/Design-sans-titre-26-900x1125.png);\"><\/div>\n\t\t\t\t\t\t\t\t<div class=\"container\">\n\t\t\t\t\t\t<div class=\"row\">\n\t\t\t\t\t\t\t\t<div class=\"col-lg-6 offset-lg-6\">\n\t\t\t\t\t\t\t\t\t\t<div class=\"booking-hours-content py-150 rpt-0 rpb-100 wow fadeInLeft delay-0-2s\">\n\t\t\t\t\t\t\t\t\t\t\t\t\t\t\t\t\t\t\t\t\t\t\t\t<div class=\"section-title mb-30\">\n                                                        <span class=\"bg-text\">\n                              <span >\n            \t\t\t\t\t\t\t\t\t\tHoraires            \t\t\t\t\t\t\t\t\t<\/span>\n                            <\/span>\n                                                                                    <span class=\"sub-title\">\n                              <span >\n            \t\t\t\t\t\t\t\t\t\tsalon de coiffure mixte            \t\t\t\t\t\t\t\t\t<\/span>\n                            <\/span>\n                                                                                    <h2>\n                              <span >\n            \t\t\t\t\t\t\t\t\t\tHeures de travail            \t\t\t\t\t\t\t\t\t<\/span>\n                            <\/h2>\n                                                    <\/div>\n\t\t\t\t\t\t\t\t\t\t\t\t\t\t\t\t\t\t\t\t\t\t\t\t        \t\t\t\t\t\t\t\t<div class=\"description\">\n        \t\t\t\t\t\t\t\t\t<div >\n        \t\t\t\t\t\t\t\t\t\t<p>Pour mieux vous servir, notre salon vous accueille dans un cadre agr\u00e9able et professionnel.<br data-start=\"198\" data-end=\"201\" \/>Nous vous invitons \u00e0 passer nous voir ou \u00e0 prendre rendez-vous pour b\u00e9n\u00e9ficier de nos services<\/p>        \t\t\t\t\t\t\t\t\t<\/div>\n        \t\t\t\t\t\t\t\t<\/div>\n        \t\t\t\t\t\t\t\t\t\t\t\t\t\t\t\t\t\t\t\t                        <ul class=\"booking-hours py-20 wow fadeInRight delay-0-2s\">\n                                                    <li>\n\t\t\t\t\t\t\t\t\t\t\t\t\t\t<span class=\"date\" >Lundi - Jeudi<\/span>\n\t\t\t\t\t\t\t\t\t\t\t\t\t\t<span class=\"symbol\" >:<\/span>\n\t\t\t\t\t\t\t\t\t\t\t\t\t\t<span class=\"time\" >12h00 \u2014 17h00<\/span>\n                          <\/li>\n                                                    <li>\n\t\t\t\t\t\t\t\t\t\t\t\t\t\t<span class=\"date\" >Vendredi<\/span>\n\t\t\t\t\t\t\t\t\t\t\t\t\t\t<span class=\"symbol\" >:<\/span>\n\t\t\t\t\t\t\t\t\t\t\t\t\t\t<span class=\"time\" >12h00 \u2014 19h00<\/span>\n                          <\/li>\n                                                    <li>\n\t\t\t\t\t\t\t\t\t\t\t\t\t\t<span class=\"date\" >Samedi<\/span>\n\t\t\t\t\t\t\t\t\t\t\t\t\t\t<span class=\"symbol\" >:<\/span>\n\t\t\t\t\t\t\t\t\t\t\t\t\t\t<span class=\"time\" >10h00 \u2014 17h00<\/span>\n                          <\/li>\n                                                    <li>\n\t\t\t\t\t\t\t\t\t\t\t\t\t\t<span class=\"date\" >Dimanche<\/span>\n\t\t\t\t\t\t\t\t\t\t\t\t\t\t<span class=\"symbol\" >:<\/span>\n\t\t\t\t\t\t\t\t\t\t\t\t\t\t<span class=\"time\" >13h00 \u2014 17h00<\/span>\n                          <\/li>\n                                                  <\/ul>\n                        \t\t\t\t\t\t\t\t\t\t\t\t\t\t\t\t\t\t\t\t\t\t<\/div>\n\t\t\t\t\t\t\t\t<\/div>\n\t\t\t\t\t\t<\/div>\n\t\t\t\t<\/div>\n\t\t\t\t\t\t\t\t\t\t\t\t<div class=\"booking-circle\">\n\t\t\t\t\t\t<img decoding=\"async\" src=\"https:\/\/blackandwhitebarbier.ca\/wp-content\/uploads\/2022\/05\/service-circle.png\" alt=\"Heures de travail\">\n\t\t\t\t<\/div>\n\t\t\t\t\t\t\t\t<div class=\"booking-bg-icon\">\n\t\t\t\t\t\t<i class=\"flaticon-hair-iron\"><\/i>\n\t\t\t\t<\/div>\n\t\t\t\t\t\t<\/section>\n\t\t<!-- Booking Hours Section End -->\n\n\t\t\t\t\t\t<\/div>\n\t\t\t\t<\/div>\n\t\t\t\t\t<\/div>\n\t\t<\/div>\n\t\t\t\t\t<\/div>\n\t\t<\/section>\n\t\t\t\t<section class=\"elementor-section elementor-top-section elementor-element elementor-element-85b1702 elementor-section-full_width elementor-section-height-default elementor-section-height-default\" data-id=\"85b1702\" data-element_type=\"section\" data-e-type=\"section\">\n\t\t\t\t\t\t<div class=\"elementor-container elementor-column-gap-no\">\n\t\t\t\t\t<div class=\"elementor-column elementor-col-100 elementor-top-column elementor-element elementor-element-53959dc\" data-id=\"53959dc\" data-element_type=\"column\" data-e-type=\"column\">\n\t\t\t<div class=\"elementor-widget-wrap elementor-element-populated\">\n\t\t\t\t\t\t<div class=\"elementor-element elementor-element-4e17b9e elementor-widget elementor-widget-lesya-call-to-action-2\" data-id=\"4e17b9e\" data-element_type=\"widget\" data-e-type=\"widget\" data-widget_type=\"lesya-call-to-action-2.default\">\n\t\t\t\t<div class=\"elementor-widget-container\">\n\t\t\t\t\t\n    <!-- Booking Section Start -->\n    <section class=\"booking-section pt-140 rpt-90 pb-150 rpb-100\">\n        <div class=\"container\">\n            <div class=\"row justify-content-center\">\n                <div class=\"col-md-8\">\n                    <div class=\"section-title text-center mb-45\">\n                                            <span class=\"bg-text\">\n                        <span >\n                          R\u00e9servation                        <\/span>\n                      <\/span>\n                                                                                        <h2>\n                        <span >\n                          Prendre rendez-vous                        <\/span>\n                      <\/h2>\n                                \t\t\t\t\t<\/div>\n                <\/div>\n            <\/div>\n                \t\t\t\t<div class=\"booking-from\">\n              \n<div class=\"wpcf7 no-js\" id=\"wpcf7-f752-o1\" lang=\"en-US\" dir=\"ltr\" data-wpcf7-id=\"752\">\n<div class=\"screen-reader-response\"><p role=\"status\" aria-live=\"polite\" aria-atomic=\"true\"><\/p> <ul><\/ul><\/div>\n<form action=\"\/index.php\/wp-json\/wp\/v2\/pages\/709#wpcf7-f752-o1\" method=\"post\" class=\"wpcf7-form init\" aria-label=\"Contact form\" novalidate=\"novalidate\" data-status=\"init\">\n<fieldset class=\"hidden-fields-container\"><input type=\"hidden\" name=\"_wpcf7\" value=\"752\" \/><input type=\"hidden\" name=\"_wpcf7_version\" value=\"6.1.5\" \/><input type=\"hidden\" name=\"_wpcf7_locale\" value=\"en_US\" \/><input type=\"hidden\" name=\"_wpcf7_unit_tag\" value=\"wpcf7-f752-o1\" \/><input type=\"hidden\" name=\"_wpcf7_container_post\" value=\"0\" \/><input type=\"hidden\" name=\"_wpcf7_posted_data_hash\" value=\"\" \/>\n<\/fieldset>\n<div class=\"row clearfix\">\n <div class=\"col-lg-4 col-sm-6\">\n  <div class=\"form-group wow fadeInUp delay-0-2s\">\n   <label for=\"cf_name\"><i class=\"far fa-user\"><\/i><\/label>\n   <span class=\"wpcf7-form-control-wrap\" data-name=\"cf_name\"><input size=\"40\" maxlength=\"400\" class=\"wpcf7-form-control wpcf7-text wpcf7-validates-as-required form-control\" id=\"cf_name\" aria-required=\"true\" aria-invalid=\"false\" placeholder=\"Nom et pr\u00e9nom\" value=\"\" type=\"text\" name=\"cf_name\" \/><\/span>\n  <\/div>\n <\/div>\n <div class=\"col-lg-4 col-sm-6\">\n  <div class=\"form-group wow fadeInUp delay-0-3s\">\n   <label for=\"cf_phone\"><i class=\"fas fa-phone\"><\/i><\/label>\n   <span class=\"wpcf7-form-control-wrap\" data-name=\"cf_phone\"><input size=\"40\" maxlength=\"400\" class=\"wpcf7-form-control wpcf7-tel wpcf7-validates-as-required wpcf7-text wpcf7-validates-as-tel form-control\" id=\"cf_phone\" aria-required=\"true\" aria-invalid=\"false\" placeholder=\"Num\u00e9ro de t\u00e9l\u00e9phone\" value=\"\" type=\"tel\" name=\"cf_phone\" \/><\/span>\n  <\/div>\n <\/div>\n <div class=\"col-lg-4 col-sm-6\">\n  <div class=\"form-group wow fadeInUp delay-0-4s\">\n   <label for=\"cf_email\"><i class=\"far fa-envelope\"><\/i><\/label>\n   <span class=\"wpcf7-form-control-wrap\" data-name=\"cf_email\"><input size=\"40\" maxlength=\"400\" class=\"wpcf7-form-control wpcf7-email wpcf7-validates-as-required wpcf7-text wpcf7-validates-as-email form-control\" id=\"cf_email\" aria-required=\"true\" aria-invalid=\"false\" placeholder=\"Adresse email\" value=\"\" type=\"email\" name=\"cf_email\" \/><\/span>\n  <\/div>\n <\/div>\n <div class=\"col-lg-4 col-sm-6 mb-30\">\n  <div class=\"form-group z-2 wow fadeInUp delay-0-5s\">\n   <span class=\"wpcf7-form-control-wrap\" data-name=\"cf_services\"><select class=\"wpcf7-form-control wpcf7-select\" id=\"cf_services\" aria-invalid=\"false\" name=\"cf_services\"><option value=\"Coupes Cheveux\">Coupes Cheveux<\/option><option value=\"Dreadlocks &amp; Locks\">Dreadlocks &amp; Locks<\/option><option value=\"Tresses Africaine\">Tresses Africaine<\/option><option value=\"Extensions &amp; Tissages\">Extensions &amp; Tissages<\/option><option value=\"Coiffage &amp; Mise en forme\">Coiffage &amp; Mise en forme<\/option><option value=\"Soins &amp; Traitements Capillaires\">Soins &amp; Traitements Capillaires<\/option><option value=\"Barbe &amp; Finition\">Barbe &amp; Finition<\/option><option value=\"Teinture des cheveux\">Teinture des cheveux<\/option><\/select><\/span>\n  <\/div>\n <\/div>\n <div class=\"col-lg-4 col-sm-6\">\n  <div class=\"form-group wow fadeInUp delay-0-6s\">\n   <span class=\"wpcf7-form-control-wrap\" data-name=\"cf_date\"><input class=\"wpcf7-form-control wpcf7-date wpcf7-validates-as-date form-control\" id=\"cf_date\" aria-invalid=\"false\" value=\"\" type=\"date\" name=\"cf_date\" \/><\/span>\n  <\/div>\n <\/div>\n <div class=\"col-lg-4 col-sm-6\">\n  <div class=\"form-group wow fadeInUp delay-0-7s\">\n   <label for=\"cf_text\"><i class=\"far fa-clock\"><\/i><\/label>\n   <span class=\"wpcf7-form-control-wrap\" data-name=\"cf_text\"><input size=\"40\" maxlength=\"400\" class=\"wpcf7-form-control wpcf7-text form-control\" id=\"cf_text\" aria-invalid=\"false\" placeholder=\"Saisir un message\" value=\"\" type=\"text\" name=\"cf_text\" \/><\/span>\n  <\/div>\n <\/div>\n <div class=\"col-lg-12\">\n  <div class=\"form-group mb-0 wow fadeInUp delay-0-8s\">\n   <input class=\"wpcf7-form-control wpcf7-submit has-spinner theme-btn w-100 style-six\" type=\"submit\" value=\"Prendre rendez-vous\" \/>\n  <\/div>\n <\/div>\n<\/div><div class=\"wpcf7-response-output\" aria-hidden=\"true\"><\/div>\n<\/form>\n<\/div>\n    \t\t\t\t<\/div>\n                    <\/div>\n    <\/section>\n    <!-- Booking Section End -->\n\n\t\t\t\t\t\t<\/div>\n\t\t\t\t<\/div>\n\t\t\t\t\t<\/div>\n\t\t<\/div>\n\t\t\t\t\t<\/div>\n\t\t<\/section>\n\t\t\t\t<\/div>\n\t\t","protected":false},"excerpt":{"rendered":"<p>r\u00e9servation Prendre rendez-vous Home Offre Ce que nous proposons Salon&#8230; <br \/><a href=\"https:\/\/blackandwhitebarbier.ca\/index.php\/rendez-vous\/\" class=\"theme-btn style-seven\">Learn more<i class=\"fas fa-long-arrow-alt-right\"><\/i><\/a><\/p>\n","protected":false},"author":1,"featured_media":0,"parent":0,"menu_order":0,"comment_status":"closed","ping_status":"closed","template":"template-layout-builder.php","meta":{"_acf_changed":false,"_monsterinsights_skip_tracking":false,"_monsterinsights_sitenote_active":false,"_monsterinsights_sitenote_note":"","_monsterinsights_sitenote_category":0,"footnotes":""},"class_list":["post-709","page","type-page","status-publish","hentry"],"acf":[],"aioseo_notices":[],"_links":{"self":[{"href":"https:\/\/blackandwhitebarbier.ca\/index.php\/wp-json\/wp\/v2\/pages\/709","targetHints":{"allow":["GET"]}}],"collection":[{"href":"https:\/\/blackandwhitebarbier.ca\/index.php\/wp-json\/wp\/v2\/pages"}],"about":[{"href":"https:\/\/blackandwhitebarbier.ca\/index.php\/wp-json\/wp\/v2\/types\/page"}],"author":[{"embeddable":true,"href":"https:\/\/blackandwhitebarbier.ca\/index.php\/wp-json\/wp\/v2\/users\/1"}],"replies":[{"embeddable":true,"href":"https:\/\/blackandwhitebarbier.ca\/index.php\/wp-json\/wp\/v2\/comments?post=709"}],"version-history":[{"count":32,"href":"https:\/\/blackandwhitebarbier.ca\/index.php\/wp-json\/wp\/v2\/pages\/709\/revisions"}],"predecessor-version":[{"id":2522,"href":"https:\/\/blackandwhitebarbier.ca\/index.php\/wp-json\/wp\/v2\/pages\/709\/revisions\/2522"}],"wp:attachment":[{"href":"https:\/\/blackandwhitebarbier.ca\/index.php\/wp-json\/wp\/v2\/media?parent=709"}],"curies":[{"name":"wp","href":"https:\/\/api.w.org\/{rel}","templated":true}]}}