{"id":992,"date":"2022-07-01T18:01:24","date_gmt":"2022-07-01T18:01:24","guid":{"rendered":"https:\/\/lesya-demo.bslthemes.com\/?page_id=992"},"modified":"2026-02-16T11:31:38","modified_gmt":"2026-02-16T10:31:38","slug":"contacts","status":"publish","type":"page","link":"https:\/\/blackandwhitebarbier.ca\/index.php\/contacts\/","title":{"rendered":"Contacts"},"content":{"rendered":"\t\t<div data-elementor-type=\"wp-page\" data-elementor-id=\"992\" class=\"elementor elementor-992\">\n\t\t\t\t\t\t<section class=\"elementor-section elementor-top-section elementor-element elementor-element-c9d6f8d elementor-section-full_width elementor-section-height-default elementor-section-height-default\" data-id=\"c9d6f8d\" data-element_type=\"section\" data-e-type=\"section\">\n\t\t\t\t\t\t<div class=\"elementor-container elementor-column-gap-no\">\n\t\t\t\t\t<div class=\"elementor-column elementor-col-100 elementor-top-column elementor-element elementor-element-be10493\" data-id=\"be10493\" data-element_type=\"column\" data-e-type=\"column\">\n\t\t\t<div class=\"elementor-widget-wrap elementor-element-populated\">\n\t\t\t\t\t\t<div class=\"elementor-element elementor-element-768a6ca elementor-widget elementor-widget-lesya-intro-section\" data-id=\"768a6ca\" data-element_type=\"widget\" data-e-type=\"widget\" data-widget_type=\"lesya-intro-section.default\">\n\t\t\t\t<div class=\"elementor-widget-container\">\n\t\t\t\t\t\n      <!-- Page Banner Start -->\n      <section class=\"page-banner text-white py-165 rpy-130\" style=\"background-image: url(https:\/\/blackandwhitebarbier.ca\/wp-content\/uploads\/2026\/02\/Design-sans-titre-25.png);\">\n      \t<div class=\"container\">\n      \t\t<div class=\"banner-inner\">\n                                    <h1 class=\"page-title wow fadeInUp delay-0-2s\">\n              <span >Contact <\/span>\n            <\/h1>\n                        <ol class=\"breadcrumb wow fadeInUp delay-0-4s\"><li class=\"breadcrumb-item\"><a href=\"https:\/\/blackandwhitebarbier.ca\/\" title=\"blackandwhitebarbier.ca\">Home<\/a><\/li><li class=\"breadcrumb-item\"><span><\/span><\/li><\/ol>      \t\t<\/div>\n      \t<\/div>\n      <\/section>\n      <!-- Page Banner End -->\n\n      \t\t\t\t<\/div>\n\t\t\t\t<\/div>\n\t\t\t\t\t<\/div>\n\t\t<\/div>\n\t\t\t\t\t<\/div>\n\t\t<\/section>\n\t\t\t\t<section class=\"elementor-section elementor-top-section elementor-element elementor-element-7eda347 elementor-section-full_width elementor-section-height-default elementor-section-height-default\" data-id=\"7eda347\" data-element_type=\"section\" data-e-type=\"section\">\n\t\t\t\t\t\t<div class=\"elementor-container elementor-column-gap-no\">\n\t\t\t\t\t<div class=\"elementor-column elementor-col-100 elementor-top-column elementor-element elementor-element-9aa72e0\" data-id=\"9aa72e0\" data-element_type=\"column\" data-e-type=\"column\">\n\t\t\t<div class=\"elementor-widget-wrap elementor-element-populated\">\n\t\t\t\t\t\t<div class=\"elementor-element elementor-element-d6dd0ca elementor-widget elementor-widget-lesya-contact-us\" data-id=\"d6dd0ca\" data-element_type=\"widget\" data-e-type=\"widget\" data-widget_type=\"lesya-contact-us.default\">\n\t\t\t\t<div class=\"elementor-widget-container\">\n\t\t\t\t\t\n    <!-- Contact Information Start -->\n    <section class=\"contact-info-section pt-150 rpt-100 pb-120 rpb-70\">\n        <div class=\"container\">\n                        <div class=\"row justify-content-center\">\n                                <div class=\"col-lg-4 col-sm-6\">\n                    <div class=\"contact-info-item wow fadeInUp delay-0-2s\">\n                        <span class=\"icon\">\n\t\t\t\t\t\t\t                          \t\t<svg aria-hidden=\"true\" class=\"e-font-icon-svg e-fas-location-arrow\" viewBox=\"0 0 512 512\" xmlns=\"http:\/\/www.w3.org\/2000\/svg\"><path d=\"M444.52 3.52L28.74 195.42c-47.97 22.39-31.98 92.75 19.19 92.75h175.91v175.91c0 51.17 70.36 67.17 92.75 19.19l191.9-415.78c15.99-38.39-25.59-79.97-63.97-63.97z\"><\/path><\/svg>                        \t\t\t\t\t\t\t<\/span>\n                                                <h4>\n  \t\t\t\t\t\t\t\t\t\t\t\t<span >\n  \t\t\t\t\t\t\t\t\t\t\t\t\tLocation  \t\t\t\t\t\t\t\t\t\t\t\t<\/span>\n    \t\t\t\t\t\t\t\t\t\t<\/h4>\n    \t\t\t\t\t\t\t\t\t\t    \t\t\t\t\t\t\t\t\t\t    \t\t\t\t\t\t\t\t\t\t<div >\n    \t\t\t\t\t\t\t\t\t\t\t<p>Qu\u00e9bec, CANADA<\/p>    \t\t\t\t\t\t\t\t\t\t<\/div>\n    \t\t\t\t\t\t\t\t\t\t                    <\/div>\n                <\/div>\n                                <div class=\"col-lg-4 col-sm-6\">\n                    <div class=\"contact-info-item wow fadeInUp delay-0-2s\">\n                        <span class=\"icon\">\n\t\t\t\t\t\t\t                          \t\t<svg aria-hidden=\"true\" class=\"e-font-icon-svg e-fas-at\" viewBox=\"0 0 512 512\" xmlns=\"http:\/\/www.w3.org\/2000\/svg\"><path d=\"M256 8C118.941 8 8 118.919 8 256c0 137.059 110.919 248 248 248 48.154 0 95.342-14.14 135.408-40.223 12.005-7.815 14.625-24.288 5.552-35.372l-10.177-12.433c-7.671-9.371-21.179-11.667-31.373-5.129C325.92 429.757 291.314 440 256 440c-101.458 0-184-82.542-184-184S154.542 72 256 72c100.139 0 184 57.619 184 160 0 38.786-21.093 79.742-58.17 83.693-17.349-.454-16.91-12.857-13.476-30.024l23.433-121.11C394.653 149.75 383.308 136 368.225 136h-44.981a13.518 13.518 0 0 0-13.432 11.993l-.01.092c-14.697-17.901-40.448-21.775-59.971-21.775-74.58 0-137.831 62.234-137.831 151.46 0 65.303 36.785 105.87 96 105.87 26.984 0 57.369-15.637 74.991-38.333 9.522 34.104 40.613 34.103 70.71 34.103C462.609 379.41 504 307.798 504 232 504 95.653 394.023 8 256 8zm-21.68 304.43c-22.249 0-36.07-15.623-36.07-40.771 0-44.993 30.779-72.729 58.63-72.729 22.292 0 35.601 15.241 35.601 40.77 0 45.061-33.875 72.73-58.161 72.73z\"><\/path><\/svg>                        \t\t\t\t\t\t\t<\/span>\n                                                <h4>\n  \t\t\t\t\t\t\t\t\t\t\t\t<span >\n  \t\t\t\t\t\t\t\t\t\t\t\t\tMail  \t\t\t\t\t\t\t\t\t\t\t\t<\/span>\n    \t\t\t\t\t\t\t\t\t\t<\/h4>\n    \t\t\t\t\t\t\t\t\t\t    \t\t\t\t\t\t\t\t\t\t    \t\t\t\t\t\t\t\t\t\t<div >\n    \t\t\t\t\t\t\t\t\t\t\t<p>falldiaw77@gmail.com<\/p>    \t\t\t\t\t\t\t\t\t\t<\/div>\n    \t\t\t\t\t\t\t\t\t\t                    <\/div>\n                <\/div>\n                                <div class=\"col-lg-4 col-sm-6\">\n                    <div class=\"contact-info-item wow fadeInUp delay-0-2s\">\n                        <span class=\"icon\">\n\t\t\t\t\t\t\t                          \t\t<svg aria-hidden=\"true\" class=\"e-font-icon-svg e-fas-phone-alt\" viewBox=\"0 0 512 512\" xmlns=\"http:\/\/www.w3.org\/2000\/svg\"><path d=\"M497.39 361.8l-112-48a24 24 0 0 0-28 6.9l-49.6 60.6A370.66 370.66 0 0 1 130.6 204.11l60.6-49.6a23.94 23.94 0 0 0 6.9-28l-48-112A24.16 24.16 0 0 0 122.6.61l-104 24A24 24 0 0 0 0 48c0 256.5 207.9 464 464 464a24 24 0 0 0 23.4-18.6l24-104a24.29 24.29 0 0 0-14.01-27.6z\"><\/path><\/svg>                        \t\t\t\t\t\t\t<\/span>\n                                                <h4>\n  \t\t\t\t\t\t\t\t\t\t\t\t<span >\n  \t\t\t\t\t\t\t\t\t\t\t\t\tT\u00e9l\u00e9phone   \t\t\t\t\t\t\t\t\t\t\t\t<\/span>\n    \t\t\t\t\t\t\t\t\t\t<\/h4>\n    \t\t\t\t\t\t\t\t\t\t    \t\t\t\t\t\t\t\t\t\t    \t\t\t\t\t\t\t\t\t\t<div >\n    \t\t\t\t\t\t\t\t\t\t\t<p>+1 (514) 430 9094<\/p>    \t\t\t\t\t\t\t\t\t\t<\/div>\n    \t\t\t\t\t\t\t\t\t\t                    <\/div>\n                <\/div>\n                            <\/div>\n                    <\/div>\n    <\/section>\n    <!-- Contact Information End -->\n\n\t\t\t\t\t\t<\/div>\n\t\t\t\t<\/div>\n\t\t\t\t\t<\/div>\n\t\t<\/div>\n\t\t\t\t\t<\/div>\n\t\t<\/section>\n\t\t<div class=\"elementor-element elementor-element-7aecdcf e-flex e-con-boxed e-con e-parent\" data-id=\"7aecdcf\" data-element_type=\"container\" data-e-type=\"container\">\n\t\t\t\t\t<div class=\"e-con-inner\">\n\t\t\t\t<div class=\"elementor-element elementor-element-84e7b6d elementor-widget elementor-widget-google_maps\" data-id=\"84e7b6d\" data-element_type=\"widget\" data-e-type=\"widget\" data-widget_type=\"google_maps.default\">\n\t\t\t\t\t\t\t<div class=\"elementor-custom-embed\">\n\t\t\t<iframe loading=\"lazy\"\n\t\t\t\t\tsrc=\"https:\/\/maps.google.com\/maps?q=Qu%C3%A9bec%2C%20CANADA&#038;t=m&#038;z=15&#038;output=embed&#038;iwloc=near\"\n\t\t\t\t\ttitle=\"Qu\u00e9bec, CANADA\"\n\t\t\t\t\taria-label=\"Qu\u00e9bec, CANADA\"\n\t\t\t><\/iframe>\n\t\t<\/div>\n\t\t\t\t\t\t<\/div>\n\t\t\t\t\t<\/div>\n\t\t\t\t<\/div>\n\t\t\t\t<section class=\"elementor-section elementor-top-section elementor-element elementor-element-79a7822 elementor-section-full_width elementor-section-height-default elementor-section-height-default\" data-id=\"79a7822\" data-element_type=\"section\" data-e-type=\"section\">\n\t\t\t\t\t\t<div class=\"elementor-container elementor-column-gap-no\">\n\t\t\t\t\t<div class=\"elementor-column elementor-col-100 elementor-top-column elementor-element elementor-element-914e06c\" data-id=\"914e06c\" data-element_type=\"column\" data-e-type=\"column\">\n\t\t\t<div class=\"elementor-widget-wrap elementor-element-populated\">\n\t\t\t\t\t\t<div class=\"elementor-element elementor-element-263fa95 elementor-widget elementor-widget-lesya-contact-form\" data-id=\"263fa95\" data-element_type=\"widget\" data-e-type=\"widget\" data-widget_type=\"lesya-contact-form.default\">\n\t\t\t\t<div class=\"elementor-widget-container\">\n\t\t\t\t\t\n    <!-- Contact Form Start -->\n    <div class=\"contact-form-area py-150 rpy-100\">\n        <div class=\"container\">\n            <div class=\"contact-form-wrap wow fadeInUp delay-0-2s\">\n\n                            <div class=\"section-title mb-45 text-center\">\n                 <h2>\n                   <span >Envoyez-nous un message<\/span>\n                 <\/h2>\n              <\/div>\n              \n                            <div class=\"contact-form\">\n                \n<div class=\"wpcf7 no-js\" id=\"wpcf7-f1009-o1\" lang=\"en-US\" dir=\"ltr\" data-wpcf7-id=\"1009\">\n<div class=\"screen-reader-response\"><p role=\"status\" aria-live=\"polite\" aria-atomic=\"true\"><\/p> <ul><\/ul><\/div>\n<form action=\"\/index.php\/wp-json\/wp\/v2\/pages\/992#wpcf7-f1009-o1\" method=\"post\" class=\"wpcf7-form init\" aria-label=\"Contact form\" novalidate=\"novalidate\" data-status=\"init\">\n<fieldset class=\"hidden-fields-container\"><input type=\"hidden\" name=\"_wpcf7\" value=\"1009\" \/><input type=\"hidden\" name=\"_wpcf7_version\" value=\"6.1.5\" \/><input type=\"hidden\" name=\"_wpcf7_locale\" value=\"en_US\" \/><input type=\"hidden\" name=\"_wpcf7_unit_tag\" value=\"wpcf7-f1009-o1\" \/><input type=\"hidden\" name=\"_wpcf7_container_post\" value=\"0\" \/><input type=\"hidden\" name=\"_wpcf7_posted_data_hash\" value=\"\" \/>\n<\/fieldset>\n<div class=\"row clearfix justify-content-center\">\n <div class=\"col-md-4\">\n  <div class=\"form-group\">\n   <label for=\"cf_name\"><i class=\"far fa-user\"><\/i><\/label>\n   <span class=\"wpcf7-form-control-wrap\" data-name=\"cf_name\"><input size=\"40\" maxlength=\"400\" class=\"wpcf7-form-control wpcf7-text wpcf7-validates-as-required form-control\" id=\"cf_name\" aria-required=\"true\" aria-invalid=\"false\" placeholder=\"Nom et pr\u00e9nom\" value=\"\" type=\"text\" name=\"cf_name\" \/><\/span>\n  <\/div>\n <\/div>\n <div class=\"col-md-4\">\n  <div class=\"form-group\">\n   <label for=\"cf_email\"><i class=\"far fa-envelope\"><\/i><\/label>\n   <span class=\"wpcf7-form-control-wrap\" data-name=\"cf_email\"><input size=\"40\" maxlength=\"400\" class=\"wpcf7-form-control wpcf7-email wpcf7-validates-as-required wpcf7-text wpcf7-validates-as-email form-control\" id=\"cf_email\" aria-required=\"true\" aria-invalid=\"false\" placeholder=\"Adresse email\" value=\"\" type=\"email\" name=\"cf_email\" \/><\/span>\n  <\/div>\n <\/div>\n <div class=\"col-md-4\">\n  <div class=\"form-group\">\n   <label for=\"cf_phone\"><i class=\"fas fa-phone\"><\/i><\/label>\n   <span class=\"wpcf7-form-control-wrap\" data-name=\"cf_phone\"><input size=\"40\" maxlength=\"400\" class=\"wpcf7-form-control wpcf7-tel wpcf7-validates-as-required wpcf7-text wpcf7-validates-as-tel form-control\" id=\"cf_phone\" aria-required=\"true\" aria-invalid=\"false\" placeholder=\"Num\u00e9ro de t\u00e9l\u00e9phone\" value=\"\" type=\"tel\" name=\"cf_phone\" \/><\/span>\n  <\/div>\n <\/div>\n <div class=\"col-sm-12\">\n  <div class=\"form-group\">\n   <span class=\"wpcf7-form-control-wrap\" data-name=\"cf_text\"><textarea cols=\"40\" rows=\"5\" maxlength=\"2000\" class=\"wpcf7-form-control wpcf7-textarea form-control\" id=\"cf_text\" aria-invalid=\"false\" placeholder=\"Saisir un message\" name=\"cf_text\"><\/textarea><\/span>\n  <\/div>\n <\/div>\n <div class=\"col-lg-5 col-md-6 col-sm-8\">\n  <div class=\"form-group mb-0\">\n   <input class=\"wpcf7-form-control wpcf7-submit has-spinner theme-btn w-100 style-six\" type=\"submit\" value=\"Envoyer un message\" \/>\n  <\/div>\n <\/div>\n<\/div><div class=\"wpcf7-response-output\" aria-hidden=\"true\"><\/div>\n<\/form>\n<\/div>\n              <\/div>\n              \n            <\/div>\n        <\/div>\n    <\/div>\n    <!-- Contact Form End -->\n\n\t\t\t\t\t\t<\/div>\n\t\t\t\t<\/div>\n\t\t\t\t\t<\/div>\n\t\t<\/div>\n\t\t\t\t\t<\/div>\n\t\t<\/section>\n\t\t\t\t<\/div>\n\t\t","protected":false},"excerpt":{"rendered":"<p>Contact Home Location Qu\u00e9bec, CANADA Mail falldiaw77@gmail.com T\u00e9l\u00e9phone +1 (514)&#8230; <br \/><a href=\"https:\/\/blackandwhitebarbier.ca\/index.php\/contacts\/\" class=\"theme-btn style-seven\">Learn more<i class=\"fas fa-long-arrow-alt-right\"><\/i><\/a><\/p>\n","protected":false},"author":1,"featured_media":0,"parent":0,"menu_order":0,"comment_status":"closed","ping_status":"closed","template":"template-layout-builder.php","meta":{"_acf_changed":false,"_monsterinsights_skip_tracking":false,"_monsterinsights_sitenote_active":false,"_monsterinsights_sitenote_note":"","_monsterinsights_sitenote_category":0,"footnotes":""},"class_list":["post-992","page","type-page","status-publish","hentry"],"acf":[],"aioseo_notices":[],"_links":{"self":[{"href":"https:\/\/blackandwhitebarbier.ca\/index.php\/wp-json\/wp\/v2\/pages\/992","targetHints":{"allow":["GET"]}}],"collection":[{"href":"https:\/\/blackandwhitebarbier.ca\/index.php\/wp-json\/wp\/v2\/pages"}],"about":[{"href":"https:\/\/blackandwhitebarbier.ca\/index.php\/wp-json\/wp\/v2\/types\/page"}],"author":[{"embeddable":true,"href":"https:\/\/blackandwhitebarbier.ca\/index.php\/wp-json\/wp\/v2\/users\/1"}],"replies":[{"embeddable":true,"href":"https:\/\/blackandwhitebarbier.ca\/index.php\/wp-json\/wp\/v2\/comments?post=992"}],"version-history":[{"count":10,"href":"https:\/\/blackandwhitebarbier.ca\/index.php\/wp-json\/wp\/v2\/pages\/992\/revisions"}],"predecessor-version":[{"id":2519,"href":"https:\/\/blackandwhitebarbier.ca\/index.php\/wp-json\/wp\/v2\/pages\/992\/revisions\/2519"}],"wp:attachment":[{"href":"https:\/\/blackandwhitebarbier.ca\/index.php\/wp-json\/wp\/v2\/media?parent=992"}],"curies":[{"name":"wp","href":"https:\/\/api.w.org\/{rel}","templated":true}]}}